{"id":129,"date":"2015-09-21T12:01:29","date_gmt":"2015-09-21T11:01:29","guid":{"rendered":"http:\/\/novechvaly.eu\/?page_id=129"},"modified":"2016-03-11T20:32:11","modified_gmt":"2016-03-11T19:32:11","slug":"zpevnik-nch","status":"publish","type":"page","link":"https:\/\/novechvaly.eu\/index.php\/zpevnik-nch\/","title":{"rendered":"Zp\u011bvn\u00edk"},"content":{"rendered":"<p><strong>V\u00edc u\u017e nejsem otrokem\u00a0\u00a0\u00a0\u00a0\u00a0\u00a0\u00a0\u00a0\u00a0\u00a0\u00a0<\/strong><strong>\u00a9<\/strong><strong>Lubom\u00edr Honek 2015<\/strong><\/p>\n<p>Capo 3<\/p>\n<p>G<br \/>\nZbavuje\u0161 m\u011b pout, melodi\u00ed svou<br \/>\nC \u00a0 \u00a0 \u00a0 \u00a0 \u00a0 \u00a0 \u00a0 \u00a0 \u00a0 \u00a0 \u00a0 \u00a0 \u00a0 D<br \/>\nchr\u00e1n\u00ed m\u011b Tv\u00e9 p\u00edsn\u011b proud<\/p>\n<p>osvobozen\u00ed, od nep\u0159\u00e1tel m\u00fdch<\/p>\n<p>ne\u017e \u00fazkosti p\u0159ejdou<\/p>\n<p>C \u00a0 \u00a0 \u00a0 \u00a0 \u00a0 D \u00a0 \u00a0 \u00a0 \u00a0G<strong><br \/>\nV\u00edc u\u017e nejsem otrokem,<br \/>\n<\/strong>\u00a0 \u00a0 \u00a0 \u00a0 \u00a0 \u00a0Emi \u00a0 \u00a0 \u00a0 D \u00a0 \u00a0 \u00a0G<strong><br \/>\n<\/strong><strong>jsem Bo\u017e\u00edm d\u00edt\u011btem 2x<\/strong><\/p>\n<p>G<strong><br \/>\n<\/strong>V\u00a0l\u016fn\u011b matky m\u00e9<br \/>\nHmi<br \/>\nTy sis vybral m\u011b<br \/>\nD \u00a0 \u00a0 \u00a0 \u00a0C \u00a0 \u00a0 \u00a0 \u00a0 G<br \/>\nd\u00edt\u011b z\u00a0l\u00e1sky Tv\u00e9<br \/>\nD \u00a0 \u00a0 \u00a0 \u00a0 \u00a0 \u00a0 \u00a0 \u00a0 \u00a0 \u00a0 \u00a0 \u00a0 Hmi<br \/>\npojmenovan\u00e9, znovuzrozen\u00e9<br \/>\nC \u00a0 \u00a0 \u00a0 \u00a0 \u00a0D \u00a0 \u00a0 \u00a0 \u00a0 \u00a0 \u00a0 \u00a0 \u00a0 \u00a0 G<br \/>\nv\u00a0m\u00fdch \u017eil\u00e1ch Tvou m\u00e1m krev<\/p>\n<p><strong><br \/>\nV\u00edc u\u017e nejsem otrokem,<\/strong><\/p>\n<p><strong>jsem Bo\u017e\u00edm d\u00edt\u011btem\u00a0\u00a0\u00a0\u00a0\u00a0\u00a0\u00a0 4x<\/strong><br \/>\nEmi \u00a0 D \u00a0 \u00a0 \u00a0 \u00a0 \u00a0 \u00a0 \u00a0 \u00a0 \u00a0 G \u00a0 \u00a0 \u00a0 \u00a0 \u00a0 \u00a0C<br \/>\nJ\u00e1 v\u00edm, \u017ee m\u011b chr\u00e1n\u00ed<\/p>\n<p>Ruce m\u00e9ho T\u00e1ty<\/p>\n<p>J\u00e1 v\u00edm, \u017ee m\u011b chr\u00e1n\u00ed<\/p>\n<p>Tou p\u00edsn\u00ed vykoupen\u00ed<\/p>\n<p>Nastal \u010das z\u00e1chrann\u00e9 \u00e9ry<\/p>\n<p>Od\u00a0 sv\u00e1zanost\u00ed<\/p>\n<p>Jsme synov\u00e9 a jsme dcery<\/p>\n<p>Tak zp\u00edvej, jsi voln\u00fd!<\/p>\n<pre>\u00d3ooo<\/pre>\n<pre>Emi \u00a0      D<\/pre>\n<pre>\/: Rozd\u011blil\u00b4s mo\u0159e,<\/pre>\n<pre>G                   C<\/pre>\n<pre>Tak\u017ee j\u00e1 jsem mohl j\u00edt d\u00e1l<\/pre>\n<pre>Emi       D          G      C<\/pre>\n<pre>Tv\u00e1 l\u00e1ska ni\u010d\u00ed ka\u017ed\u00fd strach<\/pre>\n<pre>Emi         D<\/pre>\n<pre>Zachr\u00e1nil\u00b4s m\u011b,<\/pre>\n<pre>              G       Hmi<\/pre>\n<pre>tak jsem mohl vst\u00e1t a zp\u00edvat<\/pre>\n<p>C \u00a0 \u00a0 \u00a0 \u00a0 \u00a0 \u00a0D \u00a0 \u00a0 \u00a0 \u00a0 \u00a0 \u00a0 \u00a0 \u00a0 G<strong><br \/>\nJsem Bo\u017e\u00edm d\u00edt\u011btem\u2026 \u00a0 :\/<\/strong><\/p>\n<p>&nbsp;<\/p>\n<hr \/>\n<p><strong>Po\u017eehnan\u00fd<\/strong> <strong> \u00a9Lubom\u00edr Honek 2013<\/strong><\/p>\n<p>Sloka:<br \/>\nG C<br \/>\nPo\u017eehnan\u00fd kdo Tv\u016fj d\u016fm zn\u00e1<br \/>\nG<br \/>\nst\u00e1le chv\u00e1l\u00ed jm\u00e9no Tv\u00e9<br \/>\nC Ami<br \/>\npo\u017eehnan\u00fd s\u00edlu Tvou m\u00e1<br \/>\nD G<br \/>\nsrdcem vol\u00e1: \u201eJsi n\u00e1\u0161 B\u016fh!\u201c<\/p>\n<p>C D<br \/>\nTvoje sv\u011btlo z\u00e1\u0159\u00ed v n\u00e1s<br \/>\nC D<br \/>\nkdy\u017e st\u0159etneme se tv\u00e1\u0159\u00ed v\u00a0tv\u00e1\u0159<\/p>\n<p>&nbsp;<\/p>\n<p>Ref:<br \/>\nG D<br \/>\n\u00d3, vysly\u0161 n\u00e1s<br \/>\nEmi C G<br \/>\nBo\u017ee n\u00e1\u0161 v\u0161emohouc\u00ed<br \/>\nD<br \/>\np\u0159ij\u010f, \u017eehnej n\u00e1m<br \/>\nEmi<br \/>\nTvoje jm\u00e9no<br \/>\nC<br \/>\nuct\u00edv\u00e1m<\/p>\n<p>&nbsp;<\/p>\n<p>Bridge:<br \/>\nG<br \/>\nJen Ty jsi svat\u00fd<br \/>\nD<br \/>\nJen Ty jsi svat\u00fd<br \/>\nEmi C<br \/>\nJen Ty jsi svat\u00fd P\u00e1n<\/p>\n<hr \/>\n<p><strong>V\u00edc u\u017e nejsem otrokem\u00a0\u00a0\u00a0\u00a0\u00a0\u00a0\u00a0\u00a0\u00a0\u00a0\u00a0<\/strong><strong>\u00a9<\/strong><strong>Lubom\u00edr Honek 2015<\/strong><\/p>\n<p>Capo 3<\/p>\n<p>G<br \/>\nZbavuje\u0161 m\u011b pout, melodi\u00ed svou<br \/>\nC \u00a0 \u00a0 \u00a0 \u00a0 \u00a0 \u00a0 \u00a0 \u00a0 \u00a0 \u00a0 \u00a0 \u00a0 \u00a0 D<br \/>\nchr\u00e1n\u00ed m\u011b Tv\u00e9 p\u00edsn\u011b proud<\/p>\n<p>osvobozen\u00ed, od nep\u0159\u00e1tel m\u00fdch<\/p>\n<p>ne\u017e \u00fazkosti p\u0159ejdou<\/p>\n<p>C \u00a0 \u00a0 \u00a0 \u00a0 \u00a0 D \u00a0 \u00a0 \u00a0 \u00a0G<strong><br \/>\nV\u00edc u\u017e nejsem otrokem,<br \/>\n<\/strong>\u00a0 \u00a0 \u00a0 \u00a0 \u00a0 \u00a0Emi \u00a0 \u00a0 \u00a0 D \u00a0 \u00a0 \u00a0G<strong><br \/>\n<\/strong><strong>jsem Bo\u017e\u00edm d\u00edt\u011btem 2x<\/strong><\/p>\n<p>G<strong><br \/>\n<\/strong>V\u00a0l\u016fn\u011b matky m\u00e9<br \/>\nHmi<br \/>\nTy sis vybral m\u011b<br \/>\nD \u00a0 \u00a0 \u00a0 \u00a0C \u00a0 \u00a0 \u00a0 \u00a0 G<br \/>\nd\u00edt\u011b z\u00a0l\u00e1sky Tv\u00e9<br \/>\nD \u00a0 \u00a0 \u00a0 \u00a0 \u00a0 \u00a0 \u00a0 \u00a0 \u00a0 \u00a0 \u00a0 \u00a0 Hmi<br \/>\npojmenovan\u00e9, znovuzrozen\u00e9<br \/>\nC \u00a0 \u00a0 \u00a0 \u00a0 \u00a0D \u00a0 \u00a0 \u00a0 \u00a0 \u00a0 \u00a0 \u00a0 \u00a0 \u00a0 G<br \/>\nv\u00a0m\u00fdch \u017eil\u00e1ch Tvou m\u00e1m krev<\/p>\n<p><strong><br \/>\nV\u00edc u\u017e nejsem otrokem,<\/strong><\/p>\n<p><strong>jsem Bo\u017e\u00edm d\u00edt\u011btem\u00a0\u00a0\u00a0\u00a0\u00a0\u00a0\u00a0 4x<\/strong><br \/>\nEmi \u00a0 D \u00a0 \u00a0 \u00a0 \u00a0 \u00a0 \u00a0 \u00a0 \u00a0 \u00a0 G \u00a0 \u00a0 \u00a0 \u00a0 \u00a0 \u00a0C<br \/>\nJ\u00e1 v\u00edm, \u017ee m\u011b chr\u00e1n\u00ed<\/p>\n<p>Ruce m\u00e9ho T\u00e1ty<\/p>\n<p>J\u00e1 v\u00edm, \u017ee m\u011b chr\u00e1n\u00ed<\/p>\n<p>Tou p\u00edsn\u00ed vykoupen\u00ed<\/p>\n<p>Nastal \u010das z\u00e1chrann\u00e9 \u00e9ry<\/p>\n<p>Od\u00a0 sv\u00e1zanost\u00ed<\/p>\n<p>Jsme synov\u00e9 a jsme dcery<\/p>\n<p>Tak zp\u00edvej, jsi voln\u00fd!<\/p>\n<pre>\u00d3ooo<\/pre>\n<p>Emi \u00a0 \u00a0 \u00a0 \u00a0 \u00a0 \u00a0D<\/p>\n<p>\/: Rozd\u011blil\u00b4s mo\u0159e,<\/p>\n<p>G \u00a0 \u00a0 \u00a0 \u00a0 \u00a0 \u00a0 \u00a0 \u00a0 \u00a0 \u00a0 \u00a0 C<\/p>\n<p>Tak\u017ee j\u00e1 jsem mohl j\u00edt d\u00e1l<\/p>\n<p>Emi \u00a0 \u00a0 \u00a0 \u00a0 \u00a0 \u00a0 D \u00a0 \u00a0 \u00a0 \u00a0 \u00a0 \u00a0 \u00a0 \u00a0 \u00a0G \u00a0 \u00a0 \u00a0 \u00a0 C<\/p>\n<p>Tv\u00e1 l\u00e1ska ni\u010d\u00ed ka\u017ed\u00fd strach<\/p>\n<p>Emi \u00a0 \u00a0 \u00a0 \u00a0 \u00a0 \u00a0 \u00a0 \u00a0D<\/p>\n<p>Zachr\u00e1nil\u00b4s m\u011b,<\/p>\n<p>G \u00a0 \u00a0 \u00a0 \u00a0 Hmi<\/p>\n<p>tak jsem mohl vst\u00e1t a zp\u00edvat<\/p>\n<p>C \u00a0 \u00a0 \u00a0 \u00a0 \u00a0 \u00a0D \u00a0 \u00a0 \u00a0 \u00a0 \u00a0 \u00a0 \u00a0 \u00a0 G<strong><br \/>\nJsem Bo\u017e\u00edm d\u00edt\u011btem\u2026 \u00a0 :\/<\/strong><\/p>\n<hr \/>\n<p><strong>D\u00fdchej na du\u0161i mou<\/strong>\u00a0 \u00a0 \u00a0 \u00a0 \u00a0 \u00a0 \u00a0<strong> \u00a9Lubom\u00edr Honek 2013<\/strong><\/p>\n<p>P\u0159edehra: Emi C G<\/p>\n<p>Emi \u00a0 \u00a0 \u00a0 \u00a0 \u00a0 \u00a0 \u00a0 \u00a0 C \u00a0 \u00a0 \u00a0 \u00a0 \u00a0 \u00a0 \u00a0 \u00a0 \u00a0 \u00a0 \u00a0G<\/p>\n<p>1\/ Dechem Tv\u00fdm, Pane m\u016fj, dechem Tv\u00fdm<br \/>\nDechem Tv\u00fdm, Je\u017e\u00ed\u0161i, dechem Tv\u00fdm<\/p>\n<p>Emi \u00a0 \u00a0 \u00a0 \u00a0 \u00a0 \u00a0 \u00a0 \u00a0 \u00a0 \u00a0 \u00a0 \u00a0 \u00a0 C \u00a0 \u00a0 \u00a0 \u00a0 \u00a0 \u00a0 \u00a0 \u00a0 \u00a0 \u00a0 \u00a0 \u00a0 \u00a0 \u00a0 \u00a0 \u00a0 \u00a0 \u00a0 \u00a0 \u00a0 \u00a0 \u00a0 \u00a0G \u00a0 \u00a0 \u00a0 \u00a0 \u00a0 \u00a0 \u00a0 \u00a0 \u00a0D<\/p>\n<p>\/:R\u00e1d o\u017e\u00edv\u00e1m, \u017eivot m\u00e1m, dechem Tv\u00fdm jen Tv\u00fdm:\/<\/p>\n<p>Ref:<\/p>\n<p>Emi \u00a0 \u00a0 \u00a0 \u00a0 \u00a0 \u00a0 \u00a0 \u00a0 \u00a0 \u00a0C<\/p>\n<p>D\u00fdchej, d\u00fdchej na du\u0161i mou<\/p>\n<p>G \u00a0 \u00a0 \u00a0 \u00a0 \u00a0 \u00a0 \u00a0 \u00a0D<\/p>\n<p>B\u016fh k\u0159\u00eds\u00ed l\u00e1skou svou<\/p>\n<p>Emi \u00a0 \u00a0 \u00a0 \u00a0 \u00a0 \u00a0 \u00a0 \u00a0 \u00a0 \u00a0 \u00a0 \u00a0 \u00a0 \u00a0 \u00a0 \u00a0 \u00a0 \u00a0 C \u00a0 \u00a0 \u00a0 \u00a0 \u00a0 \u00a0 \u00a0 \u00a0 \u00a0 \u00a0 \u00a0 \u00a0 \u00a0 G<\/p>\n<p>ne smrt, chci \u017e\u00edt, nech dech sv\u016fj plout<\/p>\n<p>D<\/p>\n<p>na du\u0161i mou<\/p>\n<p>2\/ Slovem sv\u00fdm, mluv se mnou, slovem sv\u00fdm Slovem sv\u00fdm, mluv se mnou, Je\u017e\u00ed\u0161i<\/p>\n<p>\/:R\u00e1d o\u017e\u00edv\u00e1m, \u017eivot m\u00e1m, slovem Tv\u00fdm jen Tv\u00fdm:\/<\/p>\n<hr \/>\n<p><strong>Duchu svat\u00fd <\/strong><strong>\u00a9<\/strong><strong>Lubom\u00edr Honek, Jana Valov\u00e1 2015<\/strong><\/p>\n<p>Verse 1: D\u00a0\u00a0 G\u00a0\u00a0 (A\u00a0 D)<\/p>\n<p>Jsi to nejvz\u00e1cn\u011bj\u0161\u00ed, \u017eiv\u00e1 nad\u011bje m\u00e1, kdy\u017e se k n\u00e1m p\u0159ibl\u00ed\u017e\u00ed\u0161, nic T\u011b nep\u0159ekon\u00e1 Tv\u00e1 p\u0159\u00edtomnost<\/p>\n<p>Verse 2:<\/p>\n<p>L\u00e1sku tvou nejslad\u0161\u00ed, okusil jsem a v\u00edm, Zbavuje m\u011b m\u00fdch vin, srdce m\u00e9 uzdrav\u00ed Tv\u00e1 p\u0159\u00edtomnost (ve tv\u00e9 bl\u00edzkosti)<\/p>\n<p>Chorus:\u00a0 D G Emi A D G Emi\u00a0 A D \u00a0\u00a0\u00a0\u00a0\u00a0\u00a0\u00a0\u00a0(A D Hmi E A\u00a0 D Hmi\u00a0 E A)<\/p>\n<p>Duchu svat\u00fd jsi tu v\u00edtan\u00fd, Tv\u00e1 p\u0159\u00edtomnost, a\u0165 n\u00e1s te\u010f zaplav\u00ed, Tvou sl\u00e1vu na\u0161e srdce tou\u017e\u00ed zn\u00e1t a\u0165 p\u0159\u00edtomnost Tv\u00e1 n\u00e1s te\u010f p\u0159em\u00e1h\u00e1<\/p>\n<p>Verse 1:<\/p>\n<p>Verse 2:<\/p>\n<p>Chorus:<\/p>\n<p>Bridge: \u00a0G D Emi\/G D\u00a0 (D A Hmi\/D A)<\/p>\n<p>Dej n\u00e1m v\u011bt\u0161\u00ed vn\u00edmavost na Tvou p\u0159\u00edtomnost Dej n\u00e1m pro\u017e\u00edt Tvou sl\u00e1vu, Tvou bl\u00edzkost<\/p>\n<p>x 3<\/p>\n<p>Chorus:<\/p>\n<p>Instrument\u00e1ln\u00ed:<\/p>\n<p>Chorus:<\/p>\n<hr \/>\n<p><strong>Sv\u011btlo Tv\u00e9 \u00a0 \u00a0 \u00a0 \u00a0\u00a9Lubom\u00edr Honek 2015<\/strong><\/p>\n<p>Intro: <span class=\"\">D<\/span> <span class=\"\">G<\/span> A Hmi A\/C# (2x)<\/p>\n<p><span class=\"has_undragable\">D<\/span>\u00a0 \u00a0 \u00a0 \u00a0 \u00a0 \u00a0 \u00a0 \u00a0\u00a0<span class=\"\">G<\/span>\u00a0 \u00a0 \u00a0 \u00a0 \u00a0 \u00a0 \u00a0 \u00a0 \u00a0 \u00a0\u00a0<span class=\"\">D<\/span><\/p>\n<p>1\/\u00a0Sv\u011btlo Tv\u00e9 mi s\u00edlu d\u00e1<br \/>\n<span class=\"\">\u00a0 \u00a0 \u00a0 \u00a0 \u00a0 \u00a0 \u00a0 \u00a0 \u00a0G<\/span>\u00a0 \u00a0 \u00a0 \u00a0 \u00a0 \u00a0 \u00a0 \u00a0 \u00a0 \u00a0 \u00a0 \u00a0 \u00a0 \u00a0\u00a0<span class=\"\">D<\/span><\/p>\n<p>chv\u00e1lou Tvou ztr\u00e1c\u00edm sebe<br \/>\nG \u00a0 \u00a0 \u00a0 \u00a0 \u00a0 \u00a0 \u00a0 \u00a0 \u00a0 \u00a0 \u00a0 D<br \/>\nv\u00a0pravd\u011b Tv\u00e9 v\u0161e p\u0159ekon\u00e1m<br \/>\nHmi \u00a0 \u00a0 \u00a0 \u00a0 \u00a0 \u00a0 \u00a0 \u00a0\u00a0<span class=\"\">A\/C#<\/span><\/p>\n<p>d\u00edk l\u00e1sce Tv\u00e9<\/p>\n<p>Ref:<\/p>\n<p>D<br \/>\nM\u011bn\u00ed\u0161 m\u00e9 smutn\u00e9 slzy<br \/>\nG<br \/>\nradost p\u0159ich\u00e1z\u00ed brzy<br \/>\nHmi \u00a0 \u00a0 \u00a0 \u00a0 \u00a0 \u00a0 \u00a0 \u00a0 \u00a0 \u00a0 \u00a0 \u00a0 \u00a0 \u00a0 G \u00a0 \u00a0 \u00a0 \u00a0 \u00a0A\/C#<br \/>\nM\u00e9 srdce k\u0159i\u010d\u00ed Tob\u011b sl\u00e1va, sl\u00e1va<\/p>\n<p>2\/ Radost Tv\u00e1 mi s\u00edlu d\u00e1<br \/>\n(Tvou) milost\u00ed ztr\u00e1c\u00edm sebe<br \/>\ns nad\u011bj\u00ed v\u0161e p\u0159ekon\u00e1m<br \/>\nd\u00edk l\u00e1sce Tv\u00e9<\/p>\n<p>Bridge:<br \/>\n<span class=\"\">D<\/span> <span class=\"\">G<\/span> A Hmi A\/C#<br \/>\nooh-oh, oh-ooh<\/p>\n<hr \/>\n<p><strong>Oce\u00e1ny &#8211; Noemi Foller<\/strong><\/p>\n<p>[Intro]<\/p>\n<p>Hmi \/\/ A\/C# D \/\/\/ A \/\/\/ G \/\/\/<\/p>\n<p>&nbsp;<\/p>\n<p>[Sloka 1]<\/p>\n<p>Vol\u00e1\u0161 n\u00e1s do mo\u0159sk\u00fdch hlubin<\/p>\n<p>T\u011bch nezn\u00e1m\u00fdch, dalek\u00fdch<\/p>\n<p>Tam T\u011b najdu, tam jsi skryt\u00fd<\/p>\n<p>V\u00a0hlubin\u00e1ch, budu s\u00a0v\u00edrou st\u00e1t<\/p>\n<p>&nbsp;<\/p>\n<p>&nbsp;<\/p>\n<p>[Ref]<\/p>\n<p><strong>\u00a0\u00a0\u00a0\u00a0\u00a0\u00a0\u00a0\u00a0\u00a0\u00a0\u00a0\u00a0\u00a0\u00a0\u00a0\u00a0\u00a0\u00a0\u00a0\u00a0\u00a0\u00a0\u00a0 <\/strong>G\u00a0\u00a0\u00a0\u00a0\u00a0\u00a0\u00a0\u00a0\u00a0 D\u00a0\u00a0\u00a0\u00a0\u00a0\u00a0\u00a0\u00a0\u00a0 A<\/p>\n<p>Jm\u00e9nem Tv\u00fdm T\u011b zavol\u00e1m<\/p>\n<p>G\u00a0\u00a0\u00a0\u00a0\u00a0\u00a0\u00a0\u00a0\u00a0 D\u00a0\u00a0\u00a0\u00a0\u00a0\u00a0\u00a0\u00a0\u00a0 A<\/p>\n<p>Nech o\u010di m\u00e9 uniknout vln\u00e1m<\/p>\n<p>G<\/p>\n<p>Kdy\u017e voda stoup\u00e1<\/p>\n<p>D\u00a0\u00a0 \u00a0\u00a0\u00a0\u00a0\u00a0\u00a0\u00a0\u00a0\u00a0\u00a0\u00a0 A<\/p>\n<p>Du\u0161e m\u00e1 v\u00a0tob\u011b spo\u010d\u00edv\u00e1<\/p>\n<p>G\u00a0\u00a0\u00a0\u00a0\u00a0\u00a0\u00a0\u00a0\u00a0 A \u00a0\u00a0\u00a0\u00a0\u00a0Hmi \/\/ A\/C# D \/\/\/ A \/\/\/ G \/\/\/<\/p>\n<p>J\u00e1 jsem tv\u016fj a ty m\u016fj Kr\u00e1l<\/p>\n<p>&nbsp;<\/p>\n<p>&nbsp;<\/p>\n<p>[Sloka 2]<\/p>\n<p>V\u00a0hloubk\u00e1ch tv\u00e1 milost p\u0159eb\u00fdv\u00e1<\/p>\n<p>Kroky tv\u00e9 vedou m\u011b d\u00e1l<\/p>\n<p>Kdy\u017e pad\u00e1m n\u00ed\u017e a strach m\u011b sr\u00e1\u017e\u00ed<\/p>\n<p>Ty nezrad\u00ed\u0161, u m\u011b z\u016fst\u00e1v\u00e1\u0161<\/p>\n<p>&nbsp;<\/p>\n<p>Hmi \/\/\/ G \/\/\/ D \/\/\/ A \/\/\/<\/p>\n<p>&nbsp;<\/p>\n<p>&nbsp;<\/p>\n<p>[Bridge]<\/p>\n<p>Duchu ve\u010f mne, kdy\u017e m\u00e1 v\u00edra nezn\u00e1 hranic<\/p>\n<p>Po vod\u00e1ch nech m\u011b proj\u00edt, kamkoli bude\u0161 cht\u00edt<\/p>\n<p>&nbsp;<\/p>\n<p>Hloub\u011bji, d\u00e1l, ne\u017e kroky m\u00e9 m\u011b vedou<\/p>\n<p>Ty pos\u00edl\u00ed\u0161 v\u00edru mou, p\u0159\u00edtomnost\u00ed svou<\/p>\n<p>&nbsp;<\/p>\n<p>Hmi \/\/ A D \/\/\/ A \/\/\/ Emi \/\/\/\u00a0\u00a0\u00a0\u00a0\u00a0\u00a0\u00a0\u00a0\u00a0\u00a0\u00a0 \u00a0\u00a0\u00a0\u00a0\u00a0\u00a0\u00a0\u00a0\u00a0\u00a0\u00a0 2x<\/p>\n<p>&nbsp;<\/p>\n","protected":false},"excerpt":{"rendered":"<p>V\u00edc u\u017e nejsem otrokem\u00a0\u00a0\u00a0\u00a0\u00a0\u00a0\u00a0\u00a0\u00a0\u00a0\u00a0\u00a9Lubom\u00edr Honek 2015 Capo 3 G Zbavuje\u0161 m\u011b pout, melodi\u00ed svou C \u00a0 \u00a0 \u00a0 \u00a0 \u00a0 \u00a0 \u00a0 \u00a0 \u00a0 \u00a0 \u00a0 \u00a0 \u00a0 D chr\u00e1n\u00ed m\u011b Tv\u00e9 p\u00edsn\u011b proud osvobozen\u00ed, od nep\u0159\u00e1tel m\u00fdch ne\u017e \u00fazkosti p\u0159ejdou C \u00a0 \u00a0 \u00a0 \u00a0 \u00a0 D \u00a0 \u00a0[&#8230;]<\/p>\n","protected":false},"author":1,"featured_media":0,"parent":0,"menu_order":0,"comment_status":"closed","ping_status":"closed","template":"","meta":{"footnotes":""},"class_list":["post-129","page","type-page","status-publish","hentry"],"_links":{"self":[{"href":"https:\/\/novechvaly.eu\/index.php\/wp-json\/wp\/v2\/pages\/129","targetHints":{"allow":["GET"]}}],"collection":[{"href":"https:\/\/novechvaly.eu\/index.php\/wp-json\/wp\/v2\/pages"}],"about":[{"href":"https:\/\/novechvaly.eu\/index.php\/wp-json\/wp\/v2\/types\/page"}],"author":[{"embeddable":true,"href":"https:\/\/novechvaly.eu\/index.php\/wp-json\/wp\/v2\/users\/1"}],"replies":[{"embeddable":true,"href":"https:\/\/novechvaly.eu\/index.php\/wp-json\/wp\/v2\/comments?post=129"}],"version-history":[{"count":14,"href":"https:\/\/novechvaly.eu\/index.php\/wp-json\/wp\/v2\/pages\/129\/revisions"}],"predecessor-version":[{"id":229,"href":"https:\/\/novechvaly.eu\/index.php\/wp-json\/wp\/v2\/pages\/129\/revisions\/229"}],"wp:attachment":[{"href":"https:\/\/novechvaly.eu\/index.php\/wp-json\/wp\/v2\/media?parent=129"}],"curies":[{"name":"wp","href":"https:\/\/api.w.org\/{rel}","templated":true}]}}