{"id":276,"date":"2020-09-01T14:33:05","date_gmt":"2020-09-01T13:33:05","guid":{"rendered":"http:\/\/novechvaly.eu\/?page_id=276"},"modified":"2020-09-01T15:09:42","modified_gmt":"2020-09-01T14:09:42","slug":"ceske-autorske-chvaly","status":"publish","type":"page","link":"https:\/\/novechvaly.eu\/index.php\/ceske-autorske-chvaly\/","title":{"rendered":"\u010cesk\u00e9 autorsk\u00e9 chv\u00e1ly"},"content":{"rendered":"<h4>Dokonal\u00fd pl\u00e1n \u2013 Jan 3:16\u00a0 \u00a0 \u00a0 \u00a0 \u00a0 \u00a0 \u00a0 \u00a0 \u00a0 \u00a0 \u00a0 \u00a0 \u00a0 \u00a0hudba, text:\u00a0 \u00a9Lubom\u00edr Honek 2019<\/h4>\n<p>B\u016fh tak miloval sv\u011bt,<br \/>\n\u017ee dal sv\u00e9ho jedin\u00e9ho syna,<br \/>\naby \u017e\u00e1dn\u00fd, kdo v N\u011bj v\u011b\u0159\u00ed<br \/>\nnezahynul, ale m\u011bl \u017eivot v\u011b\u010dn\u00fd.<\/p>\n<p>Ref:<\/p>\n<p>Dokonal\u00fd byl Tv\u016fj pl\u00e1n<br \/>\ndokonal\u00fd jsi l\u00e1skou k n\u00e1m<br \/>\ndokonal\u00fd, jsem tak r\u00e1d, \u017ee T\u011b zn\u00e1m,<br \/>\n\u017ee m\u016f\u017eu b\u00fdt tu s Tebou<\/p>\n<p>Dokonal\u00fd byl Tv\u016fj pl\u00e1n<br \/>\ndokonal\u00fd jsi l\u00e1skou k n\u00e1m<br \/>\ndokonal\u00fd, jsem tak r\u00e1d, \u017ee T\u011b m\u00e1m,<br \/>\n\u017ee m\u016f\u017eu b\u00fdt jen s Tebou<\/p>\n<p><iframe loading=\"lazy\" src=\"https:\/\/www.youtube.com\/embed\/rn_AGt83CUc\" width=\"560\" height=\"315\" frameborder=\"0\" allowfullscreen=\"allowfullscreen\"><\/iframe><\/p>\n","protected":false},"excerpt":{"rendered":"<p>Dokonal\u00fd pl\u00e1n \u2013 Jan 3:16\u00a0 \u00a0 \u00a0 \u00a0 \u00a0 \u00a0 \u00a0 \u00a0 \u00a0 \u00a0 \u00a0 \u00a0 \u00a0 \u00a0hudba, text:\u00a0 \u00a9Lubom\u00edr Honek 2019 B\u016fh tak miloval sv\u011bt, \u017ee dal sv\u00e9ho jedin\u00e9ho syna, aby \u017e\u00e1dn\u00fd, kdo v N\u011bj v\u011b\u0159\u00ed nezahynul, ale m\u011bl \u017eivot v\u011b\u010dn\u00fd. Ref: Dokonal\u00fd byl Tv\u016fj pl\u00e1n dokonal\u00fd jsi l\u00e1skou[&#8230;]<\/p>\n","protected":false},"author":1,"featured_media":103,"parent":0,"menu_order":0,"comment_status":"closed","ping_status":"open","template":"","meta":{"footnotes":""},"class_list":["post-276","page","type-page","status-publish","has-post-thumbnail","hentry"],"_links":{"self":[{"href":"https:\/\/novechvaly.eu\/index.php\/wp-json\/wp\/v2\/pages\/276","targetHints":{"allow":["GET"]}}],"collection":[{"href":"https:\/\/novechvaly.eu\/index.php\/wp-json\/wp\/v2\/pages"}],"about":[{"href":"https:\/\/novechvaly.eu\/index.php\/wp-json\/wp\/v2\/types\/page"}],"author":[{"embeddable":true,"href":"https:\/\/novechvaly.eu\/index.php\/wp-json\/wp\/v2\/users\/1"}],"replies":[{"embeddable":true,"href":"https:\/\/novechvaly.eu\/index.php\/wp-json\/wp\/v2\/comments?post=276"}],"version-history":[{"count":2,"href":"https:\/\/novechvaly.eu\/index.php\/wp-json\/wp\/v2\/pages\/276\/revisions"}],"predecessor-version":[{"id":279,"href":"https:\/\/novechvaly.eu\/index.php\/wp-json\/wp\/v2\/pages\/276\/revisions\/279"}],"wp:featuredmedia":[{"embeddable":true,"href":"https:\/\/novechvaly.eu\/index.php\/wp-json\/wp\/v2\/media\/103"}],"wp:attachment":[{"href":"https:\/\/novechvaly.eu\/index.php\/wp-json\/wp\/v2\/media?parent=276"}],"curies":[{"name":"wp","href":"https:\/\/api.w.org\/{rel}","templated":true}]}}