{"id":82,"date":"2015-09-19T00:13:38","date_gmt":"2015-09-18T23:13:38","guid":{"rendered":"http:\/\/novechvaly.eu\/?page_id=82"},"modified":"2016-02-23T12:55:45","modified_gmt":"2016-02-23T11:55:45","slug":"k-rozjimani","status":"publish","type":"page","link":"https:\/\/novechvaly.eu\/index.php\/k-rozjimani\/","title":{"rendered":"K rozj\u00edm\u00e1n\u00ed"},"content":{"rendered":"<p>Zde nab\u00edz\u00edm voln\u011b k pou\u017eit\u00ed osmn\u00e1cti minutovou improviza\u010dn\u00ed skladbu (under Holy Spirit) ur\u010denou k rozj\u00edm\u00e1n\u00ed, tich\u00e9 modlitb\u011b, meditaci nebo t\u0159eba jako podkres pro bohoslu\u017ebu:<\/p>\n<audio class=\"wp-audio-shortcode\" id=\"audio-82-1\" preload=\"none\" style=\"width: 100%;\" controls=\"controls\"><source type=\"audio\/mpeg\" src=\"http:\/\/novechvaly.eu\/wp-content\/uploads\/2015\/09\/meditace-k-modlitb\u011b.mp3?_=1\" \/><a href=\"http:\/\/novechvaly.eu\/wp-content\/uploads\/2015\/09\/meditace-k-modlitb\u011b.mp3\">http:\/\/novechvaly.eu\/wp-content\/uploads\/2015\/09\/meditace-k-modlitb\u011b.mp3<\/a><\/audio>\n","protected":false},"excerpt":{"rendered":"<p>Zde nab\u00edz\u00edm voln\u011b k pou\u017eit\u00ed osmn\u00e1cti minutovou improviza\u010dn\u00ed skladbu (under Holy Spirit) ur\u010denou k rozj\u00edm\u00e1n\u00ed, tich\u00e9 modlitb\u011b, meditaci nebo t\u0159eba jako podkres pro bohoslu\u017ebu:<\/p>\n","protected":false},"author":1,"featured_media":0,"parent":0,"menu_order":0,"comment_status":"open","ping_status":"open","template":"","meta":{"footnotes":""},"class_list":["post-82","page","type-page","status-publish","hentry"],"_links":{"self":[{"href":"https:\/\/novechvaly.eu\/index.php\/wp-json\/wp\/v2\/pages\/82","targetHints":{"allow":["GET"]}}],"collection":[{"href":"https:\/\/novechvaly.eu\/index.php\/wp-json\/wp\/v2\/pages"}],"about":[{"href":"https:\/\/novechvaly.eu\/index.php\/wp-json\/wp\/v2\/types\/page"}],"author":[{"embeddable":true,"href":"https:\/\/novechvaly.eu\/index.php\/wp-json\/wp\/v2\/users\/1"}],"replies":[{"embeddable":true,"href":"https:\/\/novechvaly.eu\/index.php\/wp-json\/wp\/v2\/comments?post=82"}],"version-history":[{"count":2,"href":"https:\/\/novechvaly.eu\/index.php\/wp-json\/wp\/v2\/pages\/82\/revisions"}],"predecessor-version":[{"id":222,"href":"https:\/\/novechvaly.eu\/index.php\/wp-json\/wp\/v2\/pages\/82\/revisions\/222"}],"wp:attachment":[{"href":"https:\/\/novechvaly.eu\/index.php\/wp-json\/wp\/v2\/media?parent=82"}],"curies":[{"name":"wp","href":"https:\/\/api.w.org\/{rel}","templated":true}]}}