{"id":4368,"date":"2019-04-02T12:10:07","date_gmt":"2019-04-02T12:10:07","guid":{"rendered":"http:\/\/novechvaly.eu\/lh\/?page_id=4368"},"modified":"2025-09-08T20:04:50","modified_gmt":"2025-09-08T20:04:50","slug":"rezervace","status":"publish","type":"page","link":"https:\/\/novechvaly.eu\/lh\/rezervace\/","title":{"rendered":"Rezervace"},"content":{"rendered":"<!--themify_builder_content-->\n<div id=\"themify_builder_content-4368\" data-postid=\"4368\" class=\"themify_builder_content themify_builder_content-4368 themify_builder tf_clear\">\n                    <div  data-lazy=\"1\" class=\"module_row themify_builder_row tb_749b7b1 tb_first tf_w\">\n                        <div class=\"row_inner col_align_top tb_col_count_1 tf_box tf_rel\">\n                        <div  data-lazy=\"1\" class=\"module_column tb-column col-full tb_4729076 first\">\n                    <!-- module text -->\n<div  class=\"module module-text tb_be30d12   \" data-lazy=\"1\">\n        <div  class=\"tb_text_wrap\">\n        <div class=\"everest-forms\"><div class=\"evf-container layout-two\" id=\"evf-4660\"><form id=\"evf-form-4660\" class=\"everest-form\" data-formid=\"4660\" data-ajax_submission=\"0\" data-keyboard_friendly_form=\"0\" data-form_state_type=\"\" method=\"post\" enctype=\"multipart\/form-data\" action=\"\/lh\/wp-json\/wp\/v2\/pages\/4368\"><div class=\"evf-field-container\"><input type=\"hidden\" id=\"_wpnonce4660\" name=\"_wpnonce4660\" value=\"7de12ccc04\" \/><input type=\"hidden\" name=\"_wp_http_referer\" value=\"\/lh\/wp-json\/wp\/v2\/pages\/4368\" \/><div class=\"evf-frontend-row\" data-row=\"row_1\" conditional_rules=\"[]\"><div class=\"evf-frontend-grid evf-grid-1\" data-grid=\"grid_1\"><div id=\"evf-4660-field_fullname-container\" class=\"evf-field evf-field-text form-row validate-required\" data-required-field-message=\"Toto pole je vy\u017eadov\u00e1no!\" data-field-id=\"fullname\"><label class=\"evf-field-label\" for=\"evf-4660-field_fullname\"><span class=\"evf-label\">Va\u0161e jm\u00e9no a p\u0159\u00edjmen\u00ed<\/span> <abbr class=\"required\" title=\"Required\">*<\/abbr><\/label><input type=\"text\" id=\"evf-4660-field_fullname\" class=\"input-text\" name=\"everest_forms[form_fields][fullname]\" required><\/div><div id=\"evf-4660-field_email-container\" class=\"evf-field evf-field-email form-row validate-required validate-email\" data-required-field-message=\"Vlo\u017ete pros\u00edm Va\u0161i funk\u010dn\u00ed emailovou adresu!\" data-field-id=\"email\"><label class=\"evf-field-label\" for=\"evf-4660-field_email\"><span class=\"evf-label\">Email<\/span> <abbr class=\"required\" title=\"Required\">*<\/abbr><\/label><input type=\"email\" id=\"evf-4660-field_email\" class=\"input-text\" name=\"everest_forms[form_fields][email]\" value=\"@\" placeholder=\"@\" required ><\/div><div id=\"evf-4660-field_0aryFAAvHx-4-container\" class=\"evf-field evf-field-number form-row validate-required\" data-required-field-message=\"Vlo\u017ete pros\u00edm V\u00e1\u0161 funk\u010dn\u00ed telefonn\u00ed kontakt!\" data-field-id=\"0aryFAAvHx-4\"><label class=\"evf-field-label\" for=\"evf-4660-field_0aryFAAvHx-4\"><span class=\"evf-label\">Telefonn\u00ed kontakt<\/span> <abbr class=\"required\" title=\"Required\">*<\/abbr><\/label><input type=\"number\" id=\"evf-4660-field_0aryFAAvHx-4\" class=\"input-text\" name=\"everest_forms[form_fields][0aryFAAvHx-4]\" required\/><\/div><div id=\"evf-4660-field_gFMlKmNCWr-1-container\" class=\"evf-field evf-field-select form-row validate-required\" data-required-field-message=\"Toto pole je vy\u017eadov\u00e1no!\" data-field-id=\"gFMlKmNCWr-1\"><label class=\"evf-field-label\" for=\"evf-4660-field_gFMlKmNCWr-1\"><span class=\"evf-label\">Typ akce<\/span> <abbr class=\"required\" title=\"Required\">*<\/abbr><\/label><select id=\"evf-4660-field_gFMlKmNCWr-1\" class=\"input-text evf-field-required\" name=\"everest_forms[form_fields][gFMlKmNCWr-1]\" required=\"required\" ><option value=\"svatba\" >svatba<\/option><option value=\"oslava\" >oslava<\/option><option value=\"ve\u010d\u00edrek\" >ve\u010d\u00edrek<\/option><option value=\"ples\" >ples<\/option><option value=\"tane\u010dn\u00ed z\u00e1bava\" >tane\u010dn\u00ed z\u00e1bava<\/option><option value=\"jin\u00e9 - popi\u0161te pros\u00edm v pozn\u00e1mce\" >jin\u00e9 - popi\u0161te pros\u00edm v pozn\u00e1mce<\/option><\/select><\/div><div id=\"evf-4660-field_subject-container\" class=\"evf-field evf-field-text form-row validate-required\" data-required-field-message=\"Toto pole je vy\u017eadov\u00e1no!\" data-field-id=\"subject\"><label class=\"evf-field-label\" for=\"evf-4660-field_subject\"><span class=\"evf-label\">M\u00edsto kon\u00e1n\u00ed akce<\/span> <abbr class=\"required\" title=\"Required\">*<\/abbr><\/label><input type=\"text\" id=\"evf-4660-field_subject\" class=\"input-text\" name=\"everest_forms[form_fields][subject]\" required><\/div><div id=\"evf-4660-field_PxWxURqPwD-2-container\" class=\"evf-field evf-field-date-time form-row validate-required\" data-required-field-message=\"Toto pole je vy\u017eadov\u00e1no!\" data-field-id=\"PxWxURqPwD-2\"><label class=\"evf-field-label\" for=\"evf-4660-field_PxWxURqPwD-2\"><span class=\"evf-label\">Datum kon\u00e1n\u00ed akce (rok\/m\u011bs\u00edc\/den)<\/span> <abbr class=\"required\" title=\"Required\">*<\/abbr><\/label><div class=\"date-time-container\"><input type=\"text\" id=\"evf-4660-field_PxWxURqPwD-2\" class=\"date-dropdown-field input-text\" name=\"everest_forms[form_fields][PxWxURqPwD-2]\" data-time-interval=\"15\" data-date-time=\"date\" data-mode=\"single\" data-locale=\"cs\" data-date-format=\"d\/m\/Y\" required ><select value=\"01\" id=\"day-select-evf-4660-field_PxWxURqPwD-2\" ><option value=\"1\" selected>01<\/option><option value=\"2\" >02<\/option><option value=\"3\" >03<\/option><option value=\"4\" >04<\/option><option value=\"5\" >05<\/option><option value=\"6\" >06<\/option><option value=\"7\" >07<\/option><option value=\"8\" >08<\/option><option value=\"9\" >09<\/option><option value=\"10\" >10<\/option><option value=\"11\" >11<\/option><option value=\"12\" >12<\/option><option value=\"13\" >13<\/option><option value=\"14\" >14<\/option><option value=\"15\" >15<\/option><option value=\"16\" >16<\/option><option value=\"17\" >17<\/option><option value=\"18\" >18<\/option><option value=\"19\" >19<\/option><option value=\"20\" >20<\/option><option value=\"21\" >21<\/option><option value=\"22\" >22<\/option><option value=\"23\" >23<\/option><option value=\"24\" >24<\/option><option value=\"25\" >25<\/option><option value=\"26\" >26<\/option><option value=\"27\" >27<\/option><option value=\"28\" >28<\/option><option value=\"29\" >29<\/option><option value=\"30\" >30<\/option><option value=\"31\" >31<\/option><option value=\"32\" >32<\/option><\/select><select value=\"05\" id=\"month-select-evf-4660-field_PxWxURqPwD-2\" ><option value=\"1\" >01<\/option><option value=\"2\" >02<\/option><option value=\"3\" >03<\/option><option value=\"4\" >04<\/option><option value=\"5\" selected>05<\/option><option value=\"6\" >06<\/option><option value=\"7\" >07<\/option><option value=\"8\" >08<\/option><option value=\"9\" >09<\/option><option value=\"10\" >10<\/option><option value=\"11\" >11<\/option><option value=\"12\" >12<\/option><\/select><select value=\"2026\" id=\"year-select-evf-4660-field_PxWxURqPwD-2\" ><option value=\"2126\" >2126<\/option><option value=\"2125\" >2125<\/option><option value=\"2124\" >2124<\/option><option value=\"2123\" >2123<\/option><option value=\"2122\" >2122<\/option><option value=\"2121\" >2121<\/option><option value=\"2120\" >2120<\/option><option value=\"2119\" >2119<\/option><option value=\"2118\" >2118<\/option><option value=\"2117\" >2117<\/option><option value=\"2116\" >2116<\/option><option value=\"2115\" >2115<\/option><option value=\"2114\" >2114<\/option><option value=\"2113\" >2113<\/option><option value=\"2112\" >2112<\/option><option value=\"2111\" >2111<\/option><option value=\"2110\" >2110<\/option><option value=\"2109\" >2109<\/option><option value=\"2108\" >2108<\/option><option value=\"2107\" >2107<\/option><option value=\"2106\" >2106<\/option><option value=\"2105\" >2105<\/option><option value=\"2104\" >2104<\/option><option value=\"2103\" >2103<\/option><option value=\"2102\" >2102<\/option><option value=\"2101\" >2101<\/option><option value=\"2100\" >2100<\/option><option value=\"2099\" >2099<\/option><option value=\"2098\" >2098<\/option><option value=\"2097\" >2097<\/option><option value=\"2096\" >2096<\/option><option value=\"2095\" >2095<\/option><option value=\"2094\" >2094<\/option><option value=\"2093\" >2093<\/option><option value=\"2092\" >2092<\/option><option value=\"2091\" >2091<\/option><option value=\"2090\" >2090<\/option><option value=\"2089\" >2089<\/option><option value=\"2088\" >2088<\/option><option value=\"2087\" >2087<\/option><option value=\"2086\" >2086<\/option><option value=\"2085\" >2085<\/option><option value=\"2084\" >2084<\/option><option value=\"2083\" >2083<\/option><option value=\"2082\" >2082<\/option><option value=\"2081\" >2081<\/option><option value=\"2080\" >2080<\/option><option value=\"2079\" >2079<\/option><option value=\"2078\" >2078<\/option><option value=\"2077\" >2077<\/option><option value=\"2076\" >2076<\/option><option value=\"2075\" >2075<\/option><option value=\"2074\" >2074<\/option><option value=\"2073\" >2073<\/option><option value=\"2072\" >2072<\/option><option value=\"2071\" >2071<\/option><option value=\"2070\" >2070<\/option><option value=\"2069\" >2069<\/option><option value=\"2068\" >2068<\/option><option value=\"2067\" >2067<\/option><option value=\"2066\" >2066<\/option><option value=\"2065\" >2065<\/option><option value=\"2064\" >2064<\/option><option value=\"2063\" >2063<\/option><option value=\"2062\" >2062<\/option><option value=\"2061\" >2061<\/option><option value=\"2060\" >2060<\/option><option value=\"2059\" >2059<\/option><option value=\"2058\" >2058<\/option><option value=\"2057\" >2057<\/option><option value=\"2056\" >2056<\/option><option value=\"2055\" >2055<\/option><option value=\"2054\" >2054<\/option><option value=\"2053\" >2053<\/option><option value=\"2052\" >2052<\/option><option value=\"2051\" >2051<\/option><option value=\"2050\" >2050<\/option><option value=\"2049\" >2049<\/option><option value=\"2048\" >2048<\/option><option value=\"2047\" >2047<\/option><option value=\"2046\" >2046<\/option><option value=\"2045\" >2045<\/option><option value=\"2044\" >2044<\/option><option value=\"2043\" >2043<\/option><option value=\"2042\" >2042<\/option><option value=\"2041\" >2041<\/option><option value=\"2040\" >2040<\/option><option value=\"2039\" >2039<\/option><option value=\"2038\" >2038<\/option><option value=\"2037\" >2037<\/option><option value=\"2036\" >2036<\/option><option value=\"2035\" >2035<\/option><option value=\"2034\" >2034<\/option><option value=\"2033\" >2033<\/option><option value=\"2032\" >2032<\/option><option value=\"2031\" >2031<\/option><option value=\"2030\" >2030<\/option><option value=\"2029\" >2029<\/option><option value=\"2028\" >2028<\/option><option value=\"2027\" >2027<\/option><option value=\"2026\" selected>2026<\/option><option value=\"2025\" >2025<\/option><option value=\"2024\" >2024<\/option><option value=\"2023\" >2023<\/option><option value=\"2022\" >2022<\/option><option value=\"2021\" >2021<\/option><option value=\"2020\" >2020<\/option><option value=\"2019\" >2019<\/option><option value=\"2018\" >2018<\/option><option value=\"2017\" >2017<\/option><option value=\"2016\" >2016<\/option><option value=\"2015\" >2015<\/option><option value=\"2014\" >2014<\/option><option value=\"2013\" >2013<\/option><option value=\"2012\" >2012<\/option><option value=\"2011\" >2011<\/option><option value=\"2010\" >2010<\/option><option value=\"2009\" >2009<\/option><option value=\"2008\" >2008<\/option><option value=\"2007\" >2007<\/option><option value=\"2006\" >2006<\/option><option value=\"2005\" >2005<\/option><option value=\"2004\" >2004<\/option><option value=\"2003\" >2003<\/option><option value=\"2002\" >2002<\/option><option value=\"2001\" >2001<\/option><option value=\"2000\" >2000<\/option><option value=\"1999\" >1999<\/option><option value=\"1998\" >1998<\/option><option value=\"1997\" >1997<\/option><option value=\"1996\" >1996<\/option><option value=\"1995\" >1995<\/option><option value=\"1994\" >1994<\/option><option value=\"1993\" >1993<\/option><option value=\"1992\" >1992<\/option><option value=\"1991\" >1991<\/option><option value=\"1990\" >1990<\/option><option value=\"1989\" >1989<\/option><option value=\"1988\" >1988<\/option><option value=\"1987\" >1987<\/option><option value=\"1986\" >1986<\/option><option value=\"1985\" >1985<\/option><option value=\"1984\" >1984<\/option><option value=\"1983\" >1983<\/option><option value=\"1982\" >1982<\/option><option value=\"1981\" >1981<\/option><option value=\"1980\" >1980<\/option><option value=\"1979\" >1979<\/option><option value=\"1978\" >1978<\/option><option value=\"1977\" >1977<\/option><option value=\"1976\" >1976<\/option><option value=\"1975\" >1975<\/option><option value=\"1974\" >1974<\/option><option value=\"1973\" >1973<\/option><option value=\"1972\" >1972<\/option><option value=\"1971\" >1971<\/option><option value=\"1970\" >1970<\/option><option value=\"1969\" >1969<\/option><option value=\"1968\" >1968<\/option><option value=\"1967\" >1967<\/option><option value=\"1966\" >1966<\/option><option value=\"1965\" >1965<\/option><option value=\"1964\" >1964<\/option><option value=\"1963\" >1963<\/option><option value=\"1962\" >1962<\/option><option value=\"1961\" >1961<\/option><option value=\"1960\" >1960<\/option><option value=\"1959\" >1959<\/option><option value=\"1958\" >1958<\/option><option value=\"1957\" >1957<\/option><option value=\"1956\" >1956<\/option><option value=\"1955\" >1955<\/option><option value=\"1954\" >1954<\/option><option value=\"1953\" >1953<\/option><option value=\"1952\" >1952<\/option><option value=\"1951\" >1951<\/option><option value=\"1950\" >1950<\/option><option value=\"1949\" >1949<\/option><option value=\"1948\" >1948<\/option><option value=\"1947\" >1947<\/option><option value=\"1946\" >1946<\/option><option value=\"1945\" >1945<\/option><option value=\"1944\" >1944<\/option><option value=\"1943\" >1943<\/option><option value=\"1942\" >1942<\/option><option value=\"1941\" >1941<\/option><option value=\"1940\" >1940<\/option><option value=\"1939\" >1939<\/option><option value=\"1938\" >1938<\/option><option value=\"1937\" >1937<\/option><option value=\"1936\" >1936<\/option><option value=\"1935\" >1935<\/option><option value=\"1934\" >1934<\/option><option value=\"1933\" >1933<\/option><option value=\"1932\" >1932<\/option><option value=\"1931\" >1931<\/option><option value=\"1930\" >1930<\/option><option value=\"1929\" >1929<\/option><option value=\"1928\" >1928<\/option><option value=\"1927\" >1927<\/option><option value=\"1926\" >1926<\/option><\/select><\/div><\/div><div id=\"evf-4660-field_iqDm1lfAp8-3-container\" class=\"evf-field evf-field-date-time form-row validate-required\" data-required-field-message=\"Toto pole je vy\u017eadov\u00e1no!\" data-field-id=\"iqDm1lfAp8-3\"><label class=\"evf-field-label\" for=\"evf-4660-field_iqDm1lfAp8-3\"><span class=\"evf-label\">Za\u010d\u00e1tek hudebn\u00ed produkce<\/span> <abbr class=\"required\" title=\"Required\">*<\/abbr><\/label><div class=\"date-time-container\"><input type=\"text\" id=\"evf-4660-field_iqDm1lfAp8-3\" class=\"date-dropdown-field input-text\" name=\"everest_forms[form_fields][iqDm1lfAp8-3]\" data-time-interval=\"30\" data-date-time=\"time\" data-date-format=\"H:i\" required ><select value = \"08\" id=\"hour-select-evf-4660-field_iqDm1lfAp8-3\"><option value=\"0\" >00<\/option><option value=\"1\" >01<\/option><option value=\"2\" >02<\/option><option value=\"3\" >03<\/option><option value=\"4\" >04<\/option><option value=\"5\" >05<\/option><option value=\"6\" >06<\/option><option value=\"7\" >07<\/option><option value=\"8\" selected>08<\/option><option value=\"9\" >09<\/option><option value=\"10\" >10<\/option><option value=\"11\" >11<\/option><option value=\"12\" >12<\/option><option value=\"13\" >13<\/option><option value=\"14\" >14<\/option><option value=\"15\" >15<\/option><option value=\"16\" >16<\/option><option value=\"17\" >17<\/option><option value=\"18\" >18<\/option><option value=\"19\" >19<\/option><option value=\"20\" >20<\/option><option value=\"21\" >21<\/option><option value=\"22\" >22<\/option><option value=\"23\" >23<\/option><\/select><select id=\"minute-select-evf-4660-field_iqDm1lfAp8-3\"><\/select><\/div><\/div><div id=\"evf-4660-field_uKnI7wh9rT-5-container\" class=\"evf-field evf-field-date-time form-row validate-required\" data-required-field-message=\"Toto pole je vy\u017eadov\u00e1no!\" data-field-id=\"uKnI7wh9rT-5\"><label class=\"evf-field-label\" for=\"evf-4660-field_uKnI7wh9rT-5\"><span class=\"evf-label\">Konec hudebn\u00ed produkce<\/span> <abbr class=\"required\" title=\"Required\">*<\/abbr><\/label><div class=\"date-time-container\"><input type=\"text\" id=\"evf-4660-field_uKnI7wh9rT-5\" class=\"date-dropdown-field input-text\" name=\"everest_forms[form_fields][uKnI7wh9rT-5]\" data-time-interval=\"30\" data-date-time=\"time\" data-date-format=\"H:i\" required ><select value = \"08\" id=\"hour-select-evf-4660-field_uKnI7wh9rT-5\"><option value=\"0\" >00<\/option><option value=\"1\" >01<\/option><option value=\"2\" >02<\/option><option value=\"3\" >03<\/option><option value=\"4\" >04<\/option><option value=\"5\" >05<\/option><option value=\"6\" >06<\/option><option value=\"7\" >07<\/option><option value=\"8\" selected>08<\/option><option value=\"9\" >09<\/option><option value=\"10\" >10<\/option><option value=\"11\" >11<\/option><option value=\"12\" >12<\/option><option value=\"13\" >13<\/option><option value=\"14\" >14<\/option><option value=\"15\" >15<\/option><option value=\"16\" >16<\/option><option value=\"17\" >17<\/option><option value=\"18\" >18<\/option><option value=\"19\" >19<\/option><option value=\"20\" >20<\/option><option value=\"21\" >21<\/option><option value=\"22\" >22<\/option><option value=\"23\" >23<\/option><\/select><select id=\"minute-select-evf-4660-field_uKnI7wh9rT-5\"><\/select><\/div><\/div><div id=\"evf-4660-field_message-container\" class=\"evf-field evf-field-textarea form-row\" data-field-id=\"message\"><label class=\"evf-field-label\" for=\"evf-4660-field_message\"><span class=\"evf-label\">Pozn\u00e1mka<\/span> <\/label><textarea id=\"evf-4660-field_message\" class=\"input-text\" name=\"everest_forms[form_fields][message]\"  ><\/textarea><\/div><\/div><\/div><\/div><div class=\"evf-honeypot-container evf-field-hp\"><label for=\"evf-4660-field-hp\" class=\"evf-field-label\">Email<\/label><input type=\"text\" name=\"everest_forms[hp]\" id=\"evf-4660-field-hp\" class=\"input-text\"><\/div><div class=\"evf-submit-container \" ><input type=\"hidden\" name=\"everest_forms[id]\" value=\"4660\"><input type=\"hidden\" name=\"everest_forms[author]\" value=\"1\"><button type='submit' name='everest_forms[submit]' class='everest-forms-submit-button button evf-submit ' id='evf-submit-4660' value='evf-submit' data-process-text=\"Zpracov\u00e1v\u00e1m rezervaci...\" conditional_rules='&quot;&quot;' conditional_id='evf-submit-4660'  id=\"evf-submit-4660\" aria-live=\"assertive\">Rezervovat<\/button><\/div><\/form><\/div><!-- .evf-container --><\/div>    <\/div>\n<\/div>\n<!-- \/module text -->        <\/div>\n                        <\/div>\n        <\/div>\n        <\/div>\n<!--\/themify_builder_content-->","protected":false},"excerpt":{"rendered":"","protected":false},"author":1,"featured_media":0,"parent":0,"menu_order":0,"comment_status":"closed","ping_status":"open","template":"","meta":{"footnotes":""},"class_list":["post-4368","page","type-page","status-publish","hentry","has-post-title","has-post-date","has-post-category","has-post-tag","has-post-comment","has-post-author",""],"builder_content":"<p>[everest_form id=\"4660\"]<\/p>","_links":{"self":[{"href":"https:\/\/novechvaly.eu\/lh\/wp-json\/wp\/v2\/pages\/4368","targetHints":{"allow":["GET"]}}],"collection":[{"href":"https:\/\/novechvaly.eu\/lh\/wp-json\/wp\/v2\/pages"}],"about":[{"href":"https:\/\/novechvaly.eu\/lh\/wp-json\/wp\/v2\/types\/page"}],"author":[{"embeddable":true,"href":"https:\/\/novechvaly.eu\/lh\/wp-json\/wp\/v2\/users\/1"}],"replies":[{"embeddable":true,"href":"https:\/\/novechvaly.eu\/lh\/wp-json\/wp\/v2\/comments?post=4368"}],"version-history":[{"count":13,"href":"https:\/\/novechvaly.eu\/lh\/wp-json\/wp\/v2\/pages\/4368\/revisions"}],"predecessor-version":[{"id":4934,"href":"https:\/\/novechvaly.eu\/lh\/wp-json\/wp\/v2\/pages\/4368\/revisions\/4934"}],"wp:attachment":[{"href":"https:\/\/novechvaly.eu\/lh\/wp-json\/wp\/v2\/media?parent=4368"}],"curies":[{"name":"wp","href":"https:\/\/api.w.org\/{rel}","templated":true}]}}